{"id":581,"date":"2009-03-17T15:15:27","date_gmt":"2009-03-17T13:15:27","guid":{"rendered":"http:\/\/www.rhschwarz.de\/?page_id=581"},"modified":"2013-12-18T10:57:24","modified_gmt":"2013-12-18T08:57:24","slug":"aufs-maul-geschaut","status":"publish","type":"page","link":"https:\/\/www.rhschwarz.de\/index.php\/aufs-maul-geschaut\/","title":{"rendered":"Aufs Maul geschaut"},"content":{"rendered":"<p><a href=\"http:\/\/www.rhschwarz.de\/wp-content\/uploads\/2009\/03\/aufsmaulgeschaut-small1.jpg\"><img loading=\"lazy\" decoding=\"async\" class=\"size-medium wp-image-595 alignleft\" title=\"aufsmaulgeschaut-small1\" alt=\"Aufs Maul geschaut\" src=\"http:\/\/www.rhschwarz.de\/wp-content\/uploads\/2009\/03\/aufsmaulgeschaut-small1-212x300.jpg\" width=\"127\" height=\"180\" srcset=\"https:\/\/www.rhschwarz.de\/wp-content\/uploads\/2009\/03\/aufsmaulgeschaut-small1-212x300.jpg 212w, https:\/\/www.rhschwarz.de\/wp-content\/uploads\/2009\/03\/aufsmaulgeschaut-small1.jpg 400w\" sizes=\"auto, (max-width: 127px) 100vw, 127px\" \/><\/a>Jeder kennt die Lebensweisheit, dass der Mensch nicht vom Brot allein lebt, wenn er geduldig wie ein Lamm \u00fcber den Jordan geht und himmelhoch jauchzend nach Pr\u00fcgel schreit. Buchst\u00e4blich hunderte Redewendungen sind uns durch die kraftvolle Bibel\u00fcbersetzung Martin Luthers in Fleisch und Blut \u00fcbergegangen. Aber was war urspr\u00fcnglich damit gemeint? Lammfromm und ungeniert erkl\u00e4rt Heiko Schwarz die Herkunft bekannter Sprichw\u00f6rter und schaut dabei augenzwinkernd dem modernen Menschen aufs Maul.<\/p>\n<p>Band 1, 2 und 3\u00a0 erschienen bei: jota publikationen<br \/>\n154 Seiten, 9,95 Euro, ISBN-10: 3935707568, ISBN-13: 978-3935707565<br \/>\nzu erhalten im Buchhandel\u00a0oder direkt\u00a0<a title=\"Aufs Maul geschaut\" href=\"http:\/\/shop.concepcion.de\/jota-oxid\/Sonstiges\/2\/\" target=\"_blank\">beim Verlag<\/a><br \/>\n(und nat\u00fcrlich bei diversen <a title=\"Aufs Maul geschaut 1\" href=\"http:\/\/www.amazon.de\/Aufs-Maul-geschaut-Heiko-Schwarz\/dp\/3935707568\/ref=sr_1_6?ie=UTF8&amp;s=books&amp;qid=1237561219&amp;sr=1-6\" target=\"_blank\">amazon.de-Shops<\/a>)<\/p>\n","protected":false},"excerpt":{"rendered":"<p>Jeder kennt die Lebensweisheit, dass der Mensch nicht vom Brot allein lebt, wenn er geduldig wie ein Lamm \u00fcber den Jordan geht und himmelhoch jauchzend nach Pr\u00fcgel schreit. Buchst\u00e4blich hunderte Redewendungen sind uns durch die kraftvolle Bibel\u00fcbersetzung Martin Luthers in Fleisch und Blut \u00fcbergegangen. Aber was war urspr\u00fcnglich damit gemeint? Lammfromm und ungeniert erkl\u00e4rt Heiko [&hellip;]<\/p>\n","protected":false},"author":2,"featured_media":0,"parent":0,"menu_order":2,"comment_status":"closed","ping_status":"closed","template":"","meta":{"footnotes":""},"class_list":["post-581","page","type-page","status-publish","hentry"],"_links":{"self":[{"href":"https:\/\/www.rhschwarz.de\/index.php\/wp-json\/wp\/v2\/pages\/581","targetHints":{"allow":["GET"]}}],"collection":[{"href":"https:\/\/www.rhschwarz.de\/index.php\/wp-json\/wp\/v2\/pages"}],"about":[{"href":"https:\/\/www.rhschwarz.de\/index.php\/wp-json\/wp\/v2\/types\/page"}],"author":[{"embeddable":true,"href":"https:\/\/www.rhschwarz.de\/index.php\/wp-json\/wp\/v2\/users\/2"}],"replies":[{"embeddable":true,"href":"https:\/\/www.rhschwarz.de\/index.php\/wp-json\/wp\/v2\/comments?post=581"}],"version-history":[{"count":21,"href":"https:\/\/www.rhschwarz.de\/index.php\/wp-json\/wp\/v2\/pages\/581\/revisions"}],"predecessor-version":[{"id":1062,"href":"https:\/\/www.rhschwarz.de\/index.php\/wp-json\/wp\/v2\/pages\/581\/revisions\/1062"}],"wp:attachment":[{"href":"https:\/\/www.rhschwarz.de\/index.php\/wp-json\/wp\/v2\/media?parent=581"}],"curies":[{"name":"wp","href":"https:\/\/api.w.org\/{rel}","templated":true}]}}